{"id":2150,"date":"2024-10-11T18:48:44","date_gmt":"2024-10-11T18:48:44","guid":{"rendered":"https:\/\/butangrup.ro\/?page_id=2150"},"modified":"2026-04-03T09:54:10","modified_gmt":"2026-04-03T09:54:10","slug":"proiecte-europene","status":"publish","type":"page","link":"https:\/\/butangrup.ro\/en\/proiecte-europene\/","title":{"rendered":"Proiecte europene"},"content":{"rendered":"<div data-elementor-type=\"wp-page\" data-elementor-id=\"2150\" class=\"elementor elementor-2150\" data-elementor-settings=\"[]\">\n\t\t\t\t\t\t\t<div class=\"elementor-section-wrap\">\n\t\t\t\t\t\t\t<section class=\"elementor-section elementor-top-section elementor-element elementor-element-af3c90a elementor-section-full_width elementor-section-height-default elementor-section-height-default\" data-id=\"af3c90a\" data-element_type=\"section\">\n\t\t\t\t\t\t\t<div class=\"elementor-background-overlay\"><\/div>\n\t\t\t\t\t\t\t<div class=\"elementor-container elementor-column-gap-default\">\n\t\t\t\t\t<div class=\"elementor-column elementor-col-50 elementor-top-column elementor-element elementor-element-3ff2c86\" data-id=\"3ff2c86\" data-element_type=\"column\" data-settings=\"{&quot;background_background&quot;:&quot;classic&quot;}\">\n\t\t\t<div class=\"elementor-widget-wrap elementor-element-populated\">\n\t\t\t\t\t\t\t\t<div class=\"elementor-element elementor-element-ea2878f elementor-widget elementor-widget-heading\" data-id=\"ea2878f\" data-element_type=\"widget\" data-widget_type=\"heading.default\">\n\t\t\t\t<div class=\"elementor-widget-container\">\n\t\t\t<h2 class=\"elementor-heading-title elementor-size-default\"><a href=\"https:\/\/butangrup.ro\/en\/acasa\/\">Acasa \/ Proiecte europene<\/a><\/h2>\t\t<\/div>\n\t\t\t\t<\/div>\n\t\t\t\t<div class=\"elementor-element elementor-element-9863d09 elementor-widget elementor-widget-heading\" data-id=\"9863d09\" data-element_type=\"widget\" data-widget_type=\"heading.default\">\n\t\t\t\t<div class=\"elementor-widget-container\">\n\t\t\t<h1 class=\"elementor-heading-title elementor-size-default\">Proiecte europene<\/h1>\t\t<\/div>\n\t\t\t\t<\/div>\n\t\t\t\t\t<\/div>\n\t\t<\/div>\n\t\t\t\t<div class=\"elementor-column elementor-col-50 elementor-top-column elementor-element elementor-element-233812a culoare elementor-hidden-tablet elementor-hidden-phone\" data-id=\"233812a\" data-element_type=\"column\" data-settings=\"{&quot;background_background&quot;:&quot;classic&quot;}\">\n\t\t\t<div class=\"elementor-widget-wrap elementor-element-populated\">\n\t\t\t\t\t<div class=\"elementor-background-overlay\"><\/div>\n\t\t\t\t\t\t\t\t<div class=\"elementor-element elementor-element-431cb3f elementor-widget elementor-widget-spacer\" data-id=\"431cb3f\" data-element_type=\"widget\" data-widget_type=\"spacer.default\">\n\t\t\t\t<div class=\"elementor-widget-container\">\n\t\t\t\t\t<div class=\"elementor-spacer\">\n\t\t\t<div class=\"elementor-spacer-inner\"><\/div>\n\t\t<\/div>\n\t\t\t\t<\/div>\n\t\t\t\t<\/div>\n\t\t\t\t\t<\/div>\n\t\t<\/div>\n\t\t\t\t\t\t\t<\/div>\n\t\t<\/section>\n\t\t\t\t<section class=\"elementor-section elementor-top-section elementor-element elementor-element-7635ce0 elementor-section-boxed elementor-section-height-default elementor-section-height-default\" data-id=\"7635ce0\" data-element_type=\"section\">\n\t\t\t\t\t\t<div class=\"elementor-container elementor-column-gap-default\">\n\t\t\t\t\t<div class=\"elementor-column elementor-col-50 elementor-top-column elementor-element elementor-element-3a8261c\" data-id=\"3a8261c\" data-element_type=\"column\">\n\t\t\t<div class=\"elementor-widget-wrap elementor-element-populated\">\n\t\t\t\t\t\t\t\t\t<\/div>\n\t\t<\/div>\n\t\t\t\t<div class=\"elementor-column elementor-col-50 elementor-top-column elementor-element elementor-element-70c86cc\" data-id=\"70c86cc\" data-element_type=\"column\">\n\t\t\t<div class=\"elementor-widget-wrap\">\n\t\t\t\t\t\t\t\t\t<\/div>\n\t\t<\/div>\n\t\t\t\t\t\t\t<\/div>\n\t\t<\/section>\n\t\t\t\t<section class=\"elementor-section elementor-top-section elementor-element elementor-element-9d6b3aa elementor-section-boxed elementor-section-height-default elementor-section-height-default\" data-id=\"9d6b3aa\" data-element_type=\"section\">\n\t\t\t\t\t\t<div class=\"elementor-container elementor-column-gap-default\">\n\t\t\t\t\t<div class=\"elementor-column elementor-col-100 elementor-top-column elementor-element elementor-element-3ff441b\" data-id=\"3ff441b\" data-element_type=\"column\">\n\t\t\t<div class=\"elementor-widget-wrap elementor-element-populated\">\n\t\t\t\t\t\t\t\t<div class=\"elementor-element elementor-element-d05158e elementor-widget elementor-widget-image\" data-id=\"d05158e\" data-element_type=\"widget\" data-widget_type=\"image.default\">\n\t\t\t\t<div class=\"elementor-widget-container\">\n\t\t\t\t\t<div class=\"elementor-image\">\n\t\t\t\t\t\t\t\t\t\t<img loading=\"lazy\" decoding=\"async\" width=\"1024\" height=\"96\" src=\"https:\/\/butangrup.ro\/wp-content\/uploads\/2026\/01\/EU-1024x96.jpg\" class=\"attachment-large size-large\" alt=\"\" srcset=\"https:\/\/butangrup.ro\/wp-content\/uploads\/2026\/01\/EU-1024x96.jpg 1024w, https:\/\/butangrup.ro\/wp-content\/uploads\/2026\/01\/EU-300x28.jpg 300w, https:\/\/butangrup.ro\/wp-content\/uploads\/2026\/01\/EU-768x72.jpg 768w, https:\/\/butangrup.ro\/wp-content\/uploads\/2026\/01\/EU-18x2.jpg 18w, https:\/\/butangrup.ro\/wp-content\/uploads\/2026\/01\/EU.jpg 1052w\" sizes=\"auto, (max-width: 1024px) 100vw, 1024px\" \/>\t\t\t\t\t\t\t\t\t\t\t<\/div>\n\t\t\t\t<\/div>\n\t\t\t\t<\/div>\n\t\t\t\t\t<\/div>\n\t\t<\/div>\n\t\t\t\t\t\t\t<\/div>\n\t\t<\/section>\n\t\t\t\t<section class=\"elementor-section elementor-top-section elementor-element elementor-element-6faa1c5 elementor-section-boxed elementor-section-height-default elementor-section-height-default\" data-id=\"6faa1c5\" data-element_type=\"section\">\n\t\t\t\t\t\t<div class=\"elementor-container elementor-column-gap-default\">\n\t\t\t\t\t<div class=\"elementor-column elementor-col-100 elementor-top-column elementor-element elementor-element-5977e88\" data-id=\"5977e88\" data-element_type=\"column\">\n\t\t\t<div class=\"elementor-widget-wrap elementor-element-populated\">\n\t\t\t\t\t\t\t\t<div class=\"elementor-element elementor-element-92f7994 elementor-widget elementor-widget-text-editor\" data-id=\"92f7994\" data-element_type=\"widget\" data-widget_type=\"text-editor.default\">\n\t\t\t\t<div class=\"elementor-widget-container\">\n\t\t\t\t\t<div class=\"elementor-text-editor elementor-clearfix\"><h3 style=\"text-align: center;\"><span style=\"color: #003366;\"><strong>PROGRAMUL TRANZI\u021aIE JUST\u0102<\/strong><\/span><\/h3><\/div>\n\t\t\t\t<\/div>\n\t\t\t\t<\/div>\n\t\t\t\t\t<\/div>\n\t\t<\/div>\n\t\t\t\t\t\t\t<\/div>\n\t\t<\/section>\n\t\t\t\t<section class=\"elementor-section elementor-top-section elementor-element elementor-element-8eb641a elementor-section-boxed elementor-section-height-default elementor-section-height-default\" data-id=\"8eb641a\" data-element_type=\"section\">\n\t\t\t\t\t\t<div class=\"elementor-container elementor-column-gap-default\">\n\t\t\t\t\t<div class=\"elementor-column elementor-col-100 elementor-top-column elementor-element elementor-element-0b33346\" data-id=\"0b33346\" data-element_type=\"column\">\n\t\t\t<div class=\"elementor-widget-wrap elementor-element-populated\">\n\t\t\t\t\t\t\t\t<div class=\"elementor-element elementor-element-d268ac2 elementor-widget elementor-widget-heading\" data-id=\"d268ac2\" data-element_type=\"widget\" data-widget_type=\"heading.default\">\n\t\t\t\t<div class=\"elementor-widget-container\">\n\t\t\t<h2 class=\"elementor-heading-title elementor-size-default\">Descrierea proiectului\n\u201eDezvoltarea durabil\u0103 a societ\u0103\u021bii BUTAN GRUP S.R.L. prin realizarea \nunei investi\u021bii productive\u201d\n<\/h2>\t\t<\/div>\n\t\t\t\t<\/div>\n\t\t\t\t\t<\/div>\n\t\t<\/div>\n\t\t\t\t\t\t\t<\/div>\n\t\t<\/section>\n\t\t\t\t<section class=\"elementor-section elementor-top-section elementor-element elementor-element-9377de3 elementor-section-boxed elementor-section-height-default elementor-section-height-default\" data-id=\"9377de3\" data-element_type=\"section\">\n\t\t\t\t\t\t<div class=\"elementor-container elementor-column-gap-default\">\n\t\t\t\t\t<div class=\"elementor-column elementor-col-100 elementor-top-column elementor-element elementor-element-219a5cf\" data-id=\"219a5cf\" data-element_type=\"column\">\n\t\t\t<div class=\"elementor-widget-wrap elementor-element-populated\">\n\t\t\t\t\t\t\t\t<section class=\"elementor-section elementor-inner-section elementor-element elementor-element-211311e elementor-section-boxed elementor-section-height-default elementor-section-height-default\" data-id=\"211311e\" data-element_type=\"section\">\n\t\t\t\t\t\t<div class=\"elementor-container elementor-column-gap-no\">\n\t\t\t\t\t<div class=\"elementor-column elementor-col-50 elementor-inner-column elementor-element elementor-element-0a48eb6\" data-id=\"0a48eb6\" data-element_type=\"column\">\n\t\t\t<div class=\"elementor-widget-wrap elementor-element-populated\">\n\t\t\t\t\t\t\t\t<div class=\"elementor-element elementor-element-b979ed7 elementor-widget elementor-widget-text-editor\" data-id=\"b979ed7\" data-element_type=\"widget\" data-widget_type=\"text-editor.default\">\n\t\t\t\t<div class=\"elementor-widget-container\">\n\t\t\t\t\t<div class=\"elementor-text-editor elementor-clearfix\"><p><strong>BUTAN GRUP S.R.L.<\/strong>, \u00een calitate de beneficiar, deruleaz\u0103 \u00eencep\u00e2nd cu data de 03.10.2024, proiectul \u201eDezvoltarea durabil\u0103 a societ\u0103\u021bii <strong>BUTAN GRUP S.R.L<\/strong>. prin realizarea unei investi\u021bii productive\u201d, cod\u00a0 SMIS 317227, finan\u021bat prin PROGRAMUL TRANZI\u021aIE JUST\u0102 (<a href=\"https:\/\/mfe.gov.ro\/ptj\/despre-program-programare\/\">https:\/\/mfe.gov.ro\/ptj\/despre-program-programare\/<\/a>), Componenta: Investi\u021bii pentru dezvoltarea IMM care sprijin\u0103 cre\u0219terea durabil\u0103 \u0219i crearea de locuri de munc\u0103.<\/p><p>Valoarea total\u0103 a proiectului, inclusiv TVA, este de 12.315.191,43 lei, din care valoarea sumei nerambursabile este de 7.834.272,76 lei, valoare compus\u0103 din: Fondul pentru o Tranzi\u021bie Just\u0103 2021 \u2013 2027 \u00een sum\u0103 de 6.659.131,85 lei, respectiv Bugetul Na\u021bional \u00een sum\u0103 de 1.175.140,91 lei.<\/p><p>Obiectivul general al proiectului este \u00eent\u0103rirea pozi\u021biei pe pia\u021b\u0103 \u0219i cre\u0219terea capacit\u0103\u021bii de produc\u0163ie a companiei BUTAN GRUP S.R.L. prin dezvoltarea afacerii \u00eentreprinderii \u0219i crearea de noi locuri de munc\u0103, odat\u0103 cu extinderea activit\u0103\u0163ii desf\u0103\u015furate \u015fi valorificarea oportunit\u0103\u0163ilor date de evolu\u0163ia tehnologiilor de fabricare a echipamentelor de ridicat \u0219i manipulat.<\/p><p>Obiectivele specifice \u0219i rezultatele a\u0219teptate ale proiectului sunt:<\/p><ol><li><strong>Retehnologizarea activit\u0103\u0163ii de fabricare a echipamentelor <\/strong>de ridicat \u0219i manipulat prin dotarea societ\u0103\u021bii cu 1 Strung orizontal CNC \u2013 Model 1, 1 Strung orizontal CNC \u2013 Model 2, 1 Strung vertical CNC, 1 Ma\u0219in\u0103 de alezat \u0219i frezat, 1 Electrostivuitor, 2 Echipamente pentru sudur\u0103 pe vertical, Echipamente de sudur\u0103 pe orizontal, 2 Sisteme de pompe de c\u0103ldur\u0103, 1 Sistem fotovoltaic, precum \u0219i 2 Dispozitive asistive \u2013 1 Lup\u0103 video portabil\u0103 \u0219i 1 Software asistiv ZoomText;<\/li><li><strong>M\u0103suri de \u00eembun\u0103t\u0103\u021bire a calit\u0103\u021bii mediului \u00eenconjur\u0103tor \u0219i de cre\u0219tere a eficien\u021bei energetice<\/strong> prin instalarea unui Sistem fotovoltaic;<\/li><li><strong>M\u0103suri de \u00eembun\u0103t\u0103\u021bire a calit\u0103\u021bii mediului \u00eenconjur\u0103tor<\/strong> \u00een scopul reducerii consumului energetic din surse conven\u021bionale \u0219i a emisiilor de gaze cu efect de ser\u0103, optimiz\u00e2nd consumul instala\u021biilor \u0219i a fluxului tehnologic energetice prin instalarea a 2 Sisteme de pompe de c\u0103ldur\u0103;<\/li><li><strong>M\u0103suri de facilitare a oper\u0103rii echipamentelor<\/strong> de c\u0103tre persoane cu dizabilit\u0103\u0163i \u2013 2 dispozitive asistive &#8211; 1 Lup\u0103 video portabil\u0103 \u0219i 1 Software asistiv zoom text;<\/li><li><strong>Crearea de locuri de munc\u0103 durabile<\/strong> prin angajarea a 14 noi salaria\u021bi dintre care 5 vor fi persoane dintr-o categorie defavorizat\u0103 \u0219i 5 vor fi persoane care provin din activit\u0103\u021bi economice dintr-o industrie\/ramur\u0103 economic\u0103 direct afectat\u0103 de procesul de transformare \u0219i se va avea \u00een vedere angajarea a ce pu\u021bin unei persoane cu competen\u021be necesare din categoria profesional\u0103 operatori \u0219i asamblatori;<\/li><li><strong>Realizarea m\u0103suri de instruire<\/strong> de tip ini\u021biere, calificare, recalificare, perfec\u021bionare, specializare cu recunoa\u0219tere na\u021bional\u0103 adresate persoanelor angajate pentru ocuparea locurilor de munc\u0103 nou create ca urmare a implement\u0103rii investi\u021biei propuse pentru 3 persoane nou angajate;<\/li><li>Realizarea m\u0103surilor de informare \u015fi publicitate pentru promovarea proiectului \u015fi a societ\u0103\u0163ii \u0219i <strong>pentru asigurarea vizibilit\u0103\u021bii proiectului<\/strong><\/li><\/ol><p><strong>Durata de implementare a proiectului este de 18 luni<\/strong> de la semnarea Contractului de Finan\u021bare \u0219i se va desf\u0103\u0219ura \u00eentre data de <strong>03.10.2024 <\/strong>\u0219i data de<strong> 03.04.2026.<\/strong><\/p><p>\u00a0<\/p><p style=\"text-align: center;\"><strong>\u00a0<\/strong><strong>\u00a0<\/strong><strong>Informa\u0163ii suplimentare despre proiect se pot ob\u0163ine la:<\/strong><\/p><p style=\"text-align: center;\"><strong>BUTAN GRUP S.R.L.<\/strong> &#8211; Strada Traian nr. 463, Parter \u0219i Etaj 1, Municipiul Gala\u0163i, Jude\u0163ul Gala\u0163i<br \/>Persoan\u0103 de contact: BUTAN OCTAV-MIHAI \u2013 Administrator<br \/>Tel. 0236.321.996 \/ Fax. 0236.475.832, E-mail: <a href=\"mailto:office@butangrup.ro\">office@butangrup.ro<\/a><\/p><p style=\"text-align: center;\"><strong>Pentru informa\u021bii detaliate despre celelalte Programe cofinan\u021bate de Uniunea European\u0103, v\u0103 invit\u0103m s\u0103 vizita\u021bi<br \/><\/strong><a href=\"https:\/\/www.mef.gov.it\/\">www.mfe.gov.ro<\/a> .<\/p><\/div>\n\t\t\t\t<\/div>\n\t\t\t\t<\/div>\n\t\t\t\t\t<\/div>\n\t\t<\/div>\n\t\t\t\t<div class=\"elementor-column elementor-col-50 elementor-inner-column elementor-element elementor-element-56ef9cf\" data-id=\"56ef9cf\" data-element_type=\"column\">\n\t\t\t<div class=\"elementor-widget-wrap elementor-element-populated\">\n\t\t\t\t\t\t\t\t<div class=\"elementor-element elementor-element-8447b5d elementor-widget elementor-widget-image\" data-id=\"8447b5d\" data-element_type=\"widget\" data-widget_type=\"image.default\">\n\t\t\t\t<div class=\"elementor-widget-container\">\n\t\t\t\t\t<div class=\"elementor-image\">\n\t\t\t\t\t\t\t\t\t\t\t<a href=\"https:\/\/butangrup.ro\/wp-content\/uploads\/2026\/04\/Inceperea-proiectului.jpg\" data-elementor-open-lightbox=\"yes\" data-elementor-lightbox-title=\"Inceperea proiectului\">\n\t\t\t\t\t\t\t<img loading=\"lazy\" decoding=\"async\" width=\"706\" height=\"1024\" src=\"https:\/\/butangrup.ro\/wp-content\/uploads\/2026\/04\/Inceperea-proiectului-706x1024.jpg\" class=\"attachment-large size-large\" alt=\"\" srcset=\"https:\/\/butangrup.ro\/wp-content\/uploads\/2026\/04\/Inceperea-proiectului-706x1024.jpg 706w, https:\/\/butangrup.ro\/wp-content\/uploads\/2026\/04\/Inceperea-proiectului-207x300.jpg 207w, https:\/\/butangrup.ro\/wp-content\/uploads\/2026\/04\/Inceperea-proiectului-768x1114.jpg 768w, https:\/\/butangrup.ro\/wp-content\/uploads\/2026\/04\/Inceperea-proiectului-8x12.jpg 8w, https:\/\/butangrup.ro\/wp-content\/uploads\/2026\/04\/Inceperea-proiectului.jpg 835w\" sizes=\"auto, (max-width: 706px) 100vw, 706px\" \/>\t\t\t\t\t\t\t\t<\/a>\n\t\t\t\t\t\t\t\t\t\t\t<\/div>\n\t\t\t\t<\/div>\n\t\t\t\t<\/div>\n\t\t\t\t<div class=\"elementor-element elementor-element-f46cb39 elementor-widget-divider--view-line elementor-widget elementor-widget-divider\" data-id=\"f46cb39\" data-element_type=\"widget\" data-widget_type=\"divider.default\">\n\t\t\t\t<div class=\"elementor-widget-container\">\n\t\t\t\t\t<div class=\"elementor-divider\">\n\t\t\t<span class=\"elementor-divider-separator\">\n\t\t\t\t\t\t<\/span>\n\t\t<\/div>\n\t\t\t\t<\/div>\n\t\t\t\t<\/div>\n\t\t\t\t<div class=\"elementor-element elementor-element-19b4ceb elementor-widget elementor-widget-text-editor\" data-id=\"19b4ceb\" data-element_type=\"widget\" data-widget_type=\"text-editor.default\">\n\t\t\t\t<div class=\"elementor-widget-container\">\n\t\t\t\t\t<div class=\"elementor-text-editor elementor-clearfix\"><h3 style=\"text-align: center;\">\u00a0Anun\u021bul de pres\u0103 privind finalizarea Proiectului<\/h3><\/div>\n\t\t\t\t<\/div>\n\t\t\t\t<\/div>\n\t\t\t\t<div class=\"elementor-element elementor-element-9aa4fb0 elementor-widget elementor-widget-image\" data-id=\"9aa4fb0\" data-element_type=\"widget\" data-widget_type=\"image.default\">\n\t\t\t\t<div class=\"elementor-widget-container\">\n\t\t\t\t\t<div class=\"elementor-image\">\n\t\t\t\t\t\t\t\t\t\t\t<a href=\"https:\/\/butangrup.ro\/wp-content\/uploads\/2026\/04\/Comunicat-de-presa-1.jpg\" data-elementor-open-lightbox=\"yes\" data-elementor-lightbox-title=\"Comunicat de presa 1\">\n\t\t\t\t\t\t\t<img loading=\"lazy\" decoding=\"async\" width=\"720\" height=\"1024\" src=\"https:\/\/butangrup.ro\/wp-content\/uploads\/2026\/04\/Comunicat-de-presa-1-720x1024.jpg\" class=\"attachment-large size-large\" alt=\"\" srcset=\"https:\/\/butangrup.ro\/wp-content\/uploads\/2026\/04\/Comunicat-de-presa-1-720x1024.jpg 720w, https:\/\/butangrup.ro\/wp-content\/uploads\/2026\/04\/Comunicat-de-presa-1-211x300.jpg 211w, https:\/\/butangrup.ro\/wp-content\/uploads\/2026\/04\/Comunicat-de-presa-1-768x1092.jpg 768w, https:\/\/butangrup.ro\/wp-content\/uploads\/2026\/04\/Comunicat-de-presa-1-8x12.jpg 8w, https:\/\/butangrup.ro\/wp-content\/uploads\/2026\/04\/Comunicat-de-presa-1.jpg 787w\" sizes=\"auto, (max-width: 720px) 100vw, 720px\" \/>\t\t\t\t\t\t\t\t<\/a>\n\t\t\t\t\t\t\t\t\t\t\t<\/div>\n\t\t\t\t<\/div>\n\t\t\t\t<\/div>\n\t\t\t\t\t<\/div>\n\t\t<\/div>\n\t\t\t\t\t\t\t<\/div>\n\t\t<\/section>\n\t\t\t\t\t<\/div>\n\t\t<\/div>\n\t\t\t\t\t\t\t<\/div>\n\t\t<\/section>\n\t\t\t\t\t\t<\/div>\n\t\t\t\t\t<\/div>","protected":false},"excerpt":{"rendered":"<p>Acasa \/ Proiecte europene Proiecte europene PROGRAMUL TRANZI\u021aIE JUST\u0102 Descrierea proiectului \u201eDezvoltarea durabil\u0103 a societ\u0103\u021bii BUTAN GRUP S.R.L. prin realizarea unei investi\u021bii productive\u201d BUTAN GRUP S.R.L., \u00een calitate de beneficiar, deruleaz\u0103 \u00eencep\u00e2nd cu data de 03.10.2024, proiectul \u201eDezvoltarea durabil\u0103 a societ\u0103\u021bii BUTAN GRUP S.R.L. prin realizarea unei investi\u021bii productive\u201d, cod\u00a0 SMIS 317227, finan\u021bat prin PROGRAMUL &hellip;<\/p>\n<p class=\"read-more\"> <a class=\"\" href=\"https:\/\/butangrup.ro\/en\/proiecte-europene\/\"> <span class=\"screen-reader-text\">Proiecte europene<\/span> Read More &raquo;<\/a><\/p>","protected":false},"author":2,"featured_media":0,"parent":0,"menu_order":0,"comment_status":"closed","ping_status":"closed","template":"","meta":{"footnotes":""},"class_list":["post-2150","page","type-page","status-publish","hentry"],"_links":{"self":[{"href":"https:\/\/butangrup.ro\/en\/wp-json\/wp\/v2\/pages\/2150","targetHints":{"allow":["GET"]}}],"collection":[{"href":"https:\/\/butangrup.ro\/en\/wp-json\/wp\/v2\/pages"}],"about":[{"href":"https:\/\/butangrup.ro\/en\/wp-json\/wp\/v2\/types\/page"}],"author":[{"embeddable":true,"href":"https:\/\/butangrup.ro\/en\/wp-json\/wp\/v2\/users\/2"}],"replies":[{"embeddable":true,"href":"https:\/\/butangrup.ro\/en\/wp-json\/wp\/v2\/comments?post=2150"}],"version-history":[{"count":43,"href":"https:\/\/butangrup.ro\/en\/wp-json\/wp\/v2\/pages\/2150\/revisions"}],"predecessor-version":[{"id":2353,"href":"https:\/\/butangrup.ro\/en\/wp-json\/wp\/v2\/pages\/2150\/revisions\/2353"}],"wp:attachment":[{"href":"https:\/\/butangrup.ro\/en\/wp-json\/wp\/v2\/media?parent=2150"}],"curies":[{"name":"wp","href":"https:\/\/api.w.org\/{rel}","templated":true}]}}