{"id":1202,"date":"2021-05-06T10:08:44","date_gmt":"2021-05-06T10:08:44","guid":{"rendered":"https:\/\/butangrup.ro\/?page_id=1202"},"modified":"2021-05-06T10:12:32","modified_gmt":"2021-05-06T10:12:32","slug":"politica-de-confidentialitate","status":"publish","type":"page","link":"https:\/\/butangrup.ro\/en\/politica-de-confidentialitate\/","title":{"rendered":"Politica de confidentialitate"},"content":{"rendered":"<div data-elementor-type=\"wp-page\" data-elementor-id=\"1202\" class=\"elementor elementor-1202\" data-elementor-settings=\"[]\">\n\t\t\t\t\t\t\t<div class=\"elementor-section-wrap\">\n\t\t\t\t\t\t\t<section class=\"elementor-section elementor-top-section elementor-element elementor-element-e8dd0f1 elementor-section-full_width elementor-section-height-default elementor-section-height-default\" data-id=\"e8dd0f1\" data-element_type=\"section\">\n\t\t\t\t\t\t\t<div class=\"elementor-background-overlay\"><\/div>\n\t\t\t\t\t\t\t<div class=\"elementor-container elementor-column-gap-default\">\n\t\t\t\t\t<div class=\"elementor-column elementor-col-50 elementor-top-column elementor-element elementor-element-5a9d10c\" data-id=\"5a9d10c\" data-element_type=\"column\" data-settings=\"{&quot;background_background&quot;:&quot;classic&quot;}\">\n\t\t\t<div class=\"elementor-widget-wrap elementor-element-populated\">\n\t\t\t\t\t\t\t\t<div class=\"elementor-element elementor-element-277ff52 elementor-widget elementor-widget-heading\" data-id=\"277ff52\" data-element_type=\"widget\" data-widget_type=\"heading.default\">\n\t\t\t\t<div class=\"elementor-widget-container\">\n\t\t\t<h2 class=\"elementor-heading-title elementor-size-default\"><a href=\"https:\/\/butangrup.ro\/en\/acasa\/\">Acasa\/ Politica de confidentialitate<\/a><\/h2>\t\t<\/div>\n\t\t\t\t<\/div>\n\t\t\t\t<div class=\"elementor-element elementor-element-ee8fc12 elementor-widget elementor-widget-heading\" data-id=\"ee8fc12\" data-element_type=\"widget\" data-widget_type=\"heading.default\">\n\t\t\t\t<div class=\"elementor-widget-container\">\n\t\t\t<h1 class=\"elementor-heading-title elementor-size-default\">Politica de confidentialitate<\/h1>\t\t<\/div>\n\t\t\t\t<\/div>\n\t\t\t\t\t<\/div>\n\t\t<\/div>\n\t\t\t\t<div class=\"elementor-column elementor-col-50 elementor-top-column elementor-element elementor-element-a4fef2d culoare\" data-id=\"a4fef2d\" data-element_type=\"column\" data-settings=\"{&quot;background_background&quot;:&quot;classic&quot;}\">\n\t\t\t<div class=\"elementor-widget-wrap elementor-element-populated\">\n\t\t\t\t\t<div class=\"elementor-background-overlay\"><\/div>\n\t\t\t\t\t\t\t\t<div class=\"elementor-element elementor-element-abf28bc elementor-widget elementor-widget-spacer\" data-id=\"abf28bc\" data-element_type=\"widget\" data-widget_type=\"spacer.default\">\n\t\t\t\t<div class=\"elementor-widget-container\">\n\t\t\t\t\t<div class=\"elementor-spacer\">\n\t\t\t<div class=\"elementor-spacer-inner\"><\/div>\n\t\t<\/div>\n\t\t\t\t<\/div>\n\t\t\t\t<\/div>\n\t\t\t\t\t<\/div>\n\t\t<\/div>\n\t\t\t\t\t\t\t<\/div>\n\t\t<\/section>\n\t\t\t\t<section class=\"elementor-section elementor-top-section elementor-element elementor-element-a05861a elementor-section-boxed elementor-section-height-default elementor-section-height-default\" data-id=\"a05861a\" data-element_type=\"section\">\n\t\t\t\t\t\t<div class=\"elementor-container elementor-column-gap-default\">\n\t\t\t\t\t<div class=\"elementor-column elementor-col-100 elementor-top-column elementor-element elementor-element-672b20f\" data-id=\"672b20f\" data-element_type=\"column\">\n\t\t\t<div class=\"elementor-widget-wrap elementor-element-populated\">\n\t\t\t\t\t\t\t\t<div class=\"elementor-element elementor-element-0f5b756 elementor-widget elementor-widget-text-editor\" data-id=\"0f5b756\" data-element_type=\"widget\" data-widget_type=\"text-editor.default\">\n\t\t\t\t<div class=\"elementor-widget-container\">\n\t\t\t\t\t<div class=\"elementor-text-editor elementor-clearfix\"><p><strong>Informare cu privire la politica de cookies, de confiden\u021bialitate \u0219i de protec\u021bie a datelor cu caracter personal (GDPR).<\/strong><\/p><p>Respect\u0103m dintotdeauna \u0219i din principiu dreptul dumneavoastr\u0103 la via\u021b\u0103 privat\u0103, iar website-ul nostru a fost conceput pentru a v\u0103 respecta acest drept, precum \u0219i pentru a p\u0103stra datele dumneavoastr\u0103 \u00een siguran\u021b\u0103. Pentru ca s\u0103 pute\u021bi beneficia de produsele \/ serviciile noastre, \u0219i pentru ca produsele \u0219i serviciile pe care vi le oferim, inclusiv online, s\u0103 func\u021bioneze corespunz\u0103tor pentru dumneavoastr\u0103, suntem nevoi\u021bi s\u0103 colect\u0103m \u0219i unele date cu caracter personal; v\u0103 asigur\u0103m c\u0103 toate datele pe care le colect\u0103m sunt men\u021binute la minimul necesar \u0219i ne baz\u0103m pe temeiuri legale.<\/p><p>Utiliz\u00e2nd oricare dintre serviciile \u0219i produsele oferite de butangrup.ro sunte\u021bi de acord s\u0103 citi\u021bi \u0219i s\u0103 \u00een\u021belege\u021bi politica noastr\u0103 privind confiden\u021bialitatea datelor \u0219i cookie-urile, dup\u0103 cum urmeaz\u0103. Pentru a v\u0103 asigura c\u0103 totul este u\u0219or de citit, am inclus pentru fiecare aspect un titlu \u0219i o scurt\u0103 explica\u021bie simpl\u0103.<\/p><p><strong>Despre Cookie-uri<\/strong><br \/>Pentru a v\u0103 oferi o experien\u021b\u0103 de vizitare pl\u0103cut\u0103 \u00een site-ul nostru, folosim mici fi\u0219iere, numite cookie-uri, pe care le plas\u0103m pe calculatoarele dumneavoastr\u0103. Acestea re\u021bin, printre altele faptul c\u0103 a\u021bi accesat website-ul nostru, cu scopul de a v\u0103 oferi o experien\u021b\u0103 de navigare mai pl\u0103cut\u0103; de asemenea, unele dintre acestea apar\u021bin unor ter\u021be p\u0103r\u021bi (Google, Facebook) \u0219i ne ofer\u0103 date statistice anonimizate cu privire la modul \u00een care site-ul nostru este folosit, pentru ca noi s\u0103 putem s\u0103-l \u00eembun\u0103t\u0103\u021bim;<\/p><p>Pute\u021bi \u0219terge chiar acum toate datele din cookie-urile noastre, folosind func\u021bia de \u0219tergere individual\u0103 a cookie-urilor pe care o g\u0103si\u021bi \u00een lista de op\u021biuni a browserului dumneavoastr\u0103.Informatii preluate.<\/p><p>Prelucr\u0103m aceste date \u00een scopul legitim al \u00eendeplinirii obiectului nostru de activitate, inclusiv:<\/p><ul><li>pentru a v\u0103 oferi serviciile \/ produsele pe care le dori\u021bi;<\/li><li>pentru a realiza statistici \u0219i m\u0103sur\u0103tori care s\u0103 ne ajute s\u0103 \u00een\u021belegem cum putem \u00eembun\u0103t\u0103\u021bi calitatea serviciilor \/ produselor pe care vi le oferim;<\/li><li>pentru informarea utilizatorilor\/clientilor privind evolutia si starea mesajelor primite prin sectiunea de contact.<\/li><li>evaluarea produselor si serviciilor oferite;<\/li><li>activitati comerciale, de promovare a produselor si serviciilor, de marketing, de publicitate, de media, administrative, de dezvoltare, de cercetare de piata, de statistica, de urmarire si monitorizare a vanzarilor si comportamentul consumatorului;<\/li><li>pentru a \u00eembun\u0103t\u0103\u021bi calitatea serviciilor \/ produselor noastre \u0219i pentru a dezvolta altele noi;<\/li><li>pentru a v\u0103 facilita accesul la serviciile \/ produsele noastre;<\/li><li>pentru a v\u0103 oferi inform\u0103ri legate de servicii \/ produse care v-ar putea interesa, precum \u0219i despre promo\u021bii \u0219i oferte speciale;<\/li><li>pentru a asigura o securitate \u00eembun\u0103t\u0103\u021bit\u0103 \u0219i a v\u0103 proteja \u00eempotriva posibilelor atacuri informatice, fraudei, abuzului.<br \/>Conform cerintelor legilor \u00een vigoare pentru protectia persoanelor cu privire la prelucrarea datelor cu caracter personal si libera circulatie a acestor date, butangrup.ro are obligatia de a administra in conditii de siguranta si numai pentru scopurile specificate, datele personale pe care ni le furnizati despre dumneavoastra.<\/li><\/ul><p>Prin completarea datelor dvs. in formularul de contact si\/sau alte eventuale formulare ale site-ului \u00een\u021belege\u021bi c\u0103, \u00een interesul legitim al \u00eendeplinirii obiectului nostru de activitate \u0219i \u00een temeiul legal, care cere emiterea de documente cu valoare juridic\u0103 \u0219i fiscal\u0103, datele dvs. personale vor fi incluse in baza de date a butangrup.ro.<\/p><p>Astfel, trebuie s\u0103 \u0219ti\u021bi c\u0103, \u00een condi\u021bii de siguran\u021b\u0103 \u0219i f\u0103r\u0103 a v\u0103 aduce prejudicii, aceste date personale sunt stocate, utilizate si prelucrate de catre butangrup.ro, afiliatii si colaboratorii acestora pentru desfasurarea diverselor activitati \u00een scopurile men\u021bionate mai sus.<\/p><p><strong>Legea aplicabil\u0103<\/strong><br \/>Sus-men\u0163ionata Politic\u0103 privind fi\u015fierele cookie \u015fi confiden\u0163ialitatea (GDPR), precum \u015fi orice amendament adus acesteia \u015fi orice litigii sau revendic\u0103ri care decurg din sau \u00een leg\u0103tur\u0103 cu ea sau cu obiectul ei vor fi guvernate \u015fi completate de legea austriac\u0103, de legea Uniunii Europene \u015fi de tratatele interna\u0163ionale relevante.<\/p><p>Orice prevedere a sus-men\u0163ionatei Politici care nu este conform\u0103 cu sus- men\u0163ionata legisla\u0163ie sau care este declarat\u0103 nul\u0103 \u015fi neavenit\u0103 de o instan\u0163\u0103 competent\u0103 \u00ee\u015fi \u00eenceteaz\u0103 valabilitatea ipso jure \u015fi este eliminat\u0103 din acest document, f\u0103r\u0103 a aduce \u00een niciun caz vreo atingere valabilit\u0103\u0163ii celorlalte prevederi, care r\u0103m\u00e2n \u00een deplin\u0103 vigoare.<\/p><\/div>\n\t\t\t\t<\/div>\n\t\t\t\t<\/div>\n\t\t\t\t\t<\/div>\n\t\t<\/div>\n\t\t\t\t\t\t\t<\/div>\n\t\t<\/section>\n\t\t\t\t\t\t<\/div>\n\t\t\t\t\t<\/div>","protected":false},"excerpt":{"rendered":"<p>Acasa\/ Politica de confidentialitate Politica de confidentialitate Informare cu privire la politica de cookies, de confiden\u021bialitate \u0219i de protec\u021bie a datelor cu caracter personal (GDPR). Respect\u0103m dintotdeauna \u0219i din principiu dreptul dumneavoastr\u0103 la via\u021b\u0103 privat\u0103, iar website-ul nostru a fost conceput pentru a v\u0103 respecta acest drept, precum \u0219i pentru a p\u0103stra datele dumneavoastr\u0103 \u00een &hellip;<\/p>\n<p class=\"read-more\"> <a class=\"\" href=\"https:\/\/butangrup.ro\/en\/politica-de-confidentialitate\/\"> <span class=\"screen-reader-text\">Politica de confidentialitate<\/span> Read More &raquo;<\/a><\/p>","protected":false},"author":1,"featured_media":0,"parent":0,"menu_order":0,"comment_status":"closed","ping_status":"closed","template":"","meta":{"footnotes":""},"class_list":["post-1202","page","type-page","status-publish","hentry"],"_links":{"self":[{"href":"https:\/\/butangrup.ro\/en\/wp-json\/wp\/v2\/pages\/1202","targetHints":{"allow":["GET"]}}],"collection":[{"href":"https:\/\/butangrup.ro\/en\/wp-json\/wp\/v2\/pages"}],"about":[{"href":"https:\/\/butangrup.ro\/en\/wp-json\/wp\/v2\/types\/page"}],"author":[{"embeddable":true,"href":"https:\/\/butangrup.ro\/en\/wp-json\/wp\/v2\/users\/1"}],"replies":[{"embeddable":true,"href":"https:\/\/butangrup.ro\/en\/wp-json\/wp\/v2\/comments?post=1202"}],"version-history":[{"count":7,"href":"https:\/\/butangrup.ro\/en\/wp-json\/wp\/v2\/pages\/1202\/revisions"}],"predecessor-version":[{"id":1209,"href":"https:\/\/butangrup.ro\/en\/wp-json\/wp\/v2\/pages\/1202\/revisions\/1209"}],"wp:attachment":[{"href":"https:\/\/butangrup.ro\/en\/wp-json\/wp\/v2\/media?parent=1202"}],"curies":[{"name":"wp","href":"https:\/\/api.w.org\/{rel}","templated":true}]}}